{"id":5323,"date":"2022-02-09T13:52:56","date_gmt":"2022-02-09T13:52:56","guid":{"rendered":"https:\/\/legerradiologie.qc.ca\/about\/"},"modified":"2026-04-17T15:49:08","modified_gmt":"2026-04-17T15:49:08","slug":"about-leger-radiologie-inc","status":"publish","type":"page","link":"https:\/\/legerradiologie.qc.ca\/en\/about-leger-radiologie-inc\/","title":{"rendered":"About"},"content":{"rendered":"\t\t<div data-elementor-type=\"wp-page\" data-elementor-id=\"5323\" class=\"elementor elementor-5323 elementor-11\" data-elementor-post-type=\"page\">\n\t\t\t\t\t\t<section class=\"elementor-section elementor-top-section elementor-element elementor-element-39789bc elementor-section-full_width elementor-section-height-default elementor-section-height-default\" data-id=\"39789bc\" data-element_type=\"section\" data-e-type=\"section\" data-settings=\"{&quot;background_background&quot;:&quot;classic&quot;}\">\n\t\t\t\t\t\t<div class=\"elementor-container elementor-column-gap-no\">\n\t\t\t\t\t<div class=\"elementor-column elementor-col-100 elementor-top-column elementor-element elementor-element-52d9b16\" data-id=\"52d9b16\" data-element_type=\"column\" data-e-type=\"column\" data-settings=\"{&quot;background_background&quot;:&quot;gradient&quot;}\">\n\t\t\t<div class=\"elementor-widget-wrap elementor-element-populated\">\n\t\t\t\t\t<div class=\"elementor-background-overlay\"><\/div>\n\t\t\t\t\t\t<section class=\"elementor-section elementor-inner-section elementor-element elementor-element-310f7eb elementor-section-full_width elementor-reverse-mobile elementor-section-height-default elementor-section-height-default\" data-id=\"310f7eb\" data-element_type=\"section\" data-e-type=\"section\">\n\t\t\t\t\t\t<div class=\"elementor-container elementor-column-gap-no\">\n\t\t\t\t\t<div class=\"elementor-column elementor-col-50 elementor-inner-column elementor-element elementor-element-c26bf14\" data-id=\"c26bf14\" data-element_type=\"column\" data-e-type=\"column\" data-settings=\"{&quot;background_background&quot;:&quot;classic&quot;}\">\n\t\t\t<div class=\"elementor-widget-wrap elementor-element-populated\">\n\t\t\t\t\t\t<div class=\"elementor-element elementor-element-158f7bc elementor-widget elementor-widget-heading\" data-id=\"158f7bc\" data-element_type=\"widget\" data-e-type=\"widget\" data-widget_type=\"heading.default\">\n\t\t\t\t<div class=\"elementor-widget-container\">\n\t\t\t\t\t<h1 class=\"elementor-heading-title elementor-size-default\">About L\u00e9ger Radiologie Inc.<\/h1>\t\t\t\t<\/div>\n\t\t\t\t<\/div>\n\t\t\t\t<div class=\"elementor-element elementor-element-82dd12a elementor-widget elementor-widget-heading\" data-id=\"82dd12a\" data-element_type=\"widget\" data-e-type=\"widget\" data-widget_type=\"heading.default\">\n\t\t\t\t<div class=\"elementor-widget-container\">\n\t\t\t\t\t<span class=\"elementor-heading-title elementor-size-default\">Our team of radiologists is equipped with specialized training.\n<br><br>\nThey are leaders in their field in the province and are committed to providing the highest level of expertise to their patients.<\/span>\t\t\t\t<\/div>\n\t\t\t\t<\/div>\n\t\t\t\t<div class=\"elementor-element elementor-element-13cd0d5 elementor-widget elementor-widget-spacer\" data-id=\"13cd0d5\" data-element_type=\"widget\" data-e-type=\"widget\" data-widget_type=\"spacer.default\">\n\t\t\t\t<div class=\"elementor-widget-container\">\n\t\t\t\t\t\t\t<div class=\"elementor-spacer\">\n\t\t\t<div class=\"elementor-spacer-inner\"><\/div>\n\t\t<\/div>\n\t\t\t\t\t\t<\/div>\n\t\t\t\t<\/div>\n\t\t\t\t<div class=\"elementor-element elementor-element-3fc3455 elementor-widget elementor-widget-spacer\" data-id=\"3fc3455\" data-element_type=\"widget\" data-e-type=\"widget\" data-widget_type=\"spacer.default\">\n\t\t\t\t<div class=\"elementor-widget-container\">\n\t\t\t\t\t\t\t<div class=\"elementor-spacer\">\n\t\t\t<div class=\"elementor-spacer-inner\"><\/div>\n\t\t<\/div>\n\t\t\t\t\t\t<\/div>\n\t\t\t\t<\/div>\n\t\t\t\t\t<\/div>\n\t\t<\/div>\n\t\t\t\t<div class=\"elementor-column elementor-col-50 elementor-inner-column elementor-element elementor-element-1700eb5\" data-id=\"1700eb5\" data-element_type=\"column\" data-e-type=\"column\">\n\t\t\t<div class=\"elementor-widget-wrap\">\n\t\t\t\t\t\t\t<\/div>\n\t\t<\/div>\n\t\t\t\t\t<\/div>\n\t\t<\/section>\n\t\t\t\t\t<\/div>\n\t\t<\/div>\n\t\t\t\t\t<\/div>\n\t\t<\/section>\n\t\t\t\t<section class=\"elementor-section elementor-top-section elementor-element elementor-element-b273a94 elementor-section-content-middle elementor-reverse-tablet elementor-section-boxed elementor-section-height-default elementor-section-height-default\" data-id=\"b273a94\" data-element_type=\"section\" data-e-type=\"section\" data-settings=\"{&quot;background_background&quot;:&quot;classic&quot;}\">\n\t\t\t\t\t\t<div class=\"elementor-container elementor-column-gap-no\">\n\t\t\t\t\t<div class=\"elementor-column elementor-col-50 elementor-top-column elementor-element elementor-element-f8bfb52\" data-id=\"f8bfb52\" data-element_type=\"column\" data-e-type=\"column\">\n\t\t\t<div class=\"elementor-widget-wrap elementor-element-populated\">\n\t\t\t\t\t\t<div class=\"elementor-element elementor-element-6b3f5ab elementor-widget elementor-widget-heading\" data-id=\"6b3f5ab\" data-element_type=\"widget\" data-e-type=\"widget\" data-widget_type=\"heading.default\">\n\t\t\t\t<div class=\"elementor-widget-container\">\n\t\t\t\t\t<h2 class=\"elementor-heading-title elementor-size-default\">The clinic<\/h2>\t\t\t\t<\/div>\n\t\t\t\t<\/div>\n\t\t\t\t<div class=\"elementor-element elementor-element-3adf2f1 elementor-widget elementor-widget-text-editor\" data-id=\"3adf2f1\" data-element_type=\"widget\" data-e-type=\"widget\" data-widget_type=\"text-editor.default\">\n\t\t\t\t<div class=\"elementor-widget-container\">\n\t\t\t\t\t\t\t\t\t<p><b>The L\u00e9ger<\/b> <b>Radiologie Inc clinic\u00a0<\/b><span style=\"font-weight: 400;\">is an integrated imaging center offering\u00a0<\/span><b>diagnostic\u00a0<\/b><span style=\"font-weight: 400;\">and\u00a0<\/span><b>screening services<\/b><span style=\"font-weight: 400;\"> of high quality, with a strong focus on the patient. The radiologists working at the clinic have <\/span><b>specialized training<\/b><span style=\"font-weight: 400;\">.<\/span><\/p><p><span style=\"font-weight: 400;\">They are leaders in their field in the province and are committed to providing the highest level of expertise to their patients. Beyond general <\/span><a href=\"https:\/\/legerradiologie.qc.ca\/radiologie\/\" target=\"_blank\" rel=\"noopener\">radiology examinations<\/a><span style=\"font-weight: 400;\">, they also offer <\/span><a href=\"https:\/\/legerradiologie.qc.ca\/echographie-generale\/\" target=\"_blank\" rel=\"noopener\">ultrasound<\/a><span style=\"font-weight: 400;\">, <\/span><a href=\"https:\/\/legerradiologie.qc.ca\/en\/magnetic-resonance-imaging-mri\/\" target=\"_blank\" rel=\"noopener\">magnetic resonance imaging<\/a> and <a href=\"https:\/\/legerradiologie.qc.ca\/tomodensitometrie-ct-scan\/\" target=\"_blank\" rel=\"noopener\">computed tomography scans <\/a><span style=\"font-weight: 400;\">allowing for full integration of all <\/span><b>diagnostic<\/b><span style=\"font-weight: 400;\"> and <\/span><b>screening services<\/b><span style=\"font-weight: 400;\">.<\/span><span style=\"font-weight: 400;\"><br \/><\/span><\/p>\t\t\t\t\t\t\t\t<\/div>\n\t\t\t\t<\/div>\n\t\t\t\t\t<\/div>\n\t\t<\/div>\n\t\t\t\t<div class=\"elementor-column elementor-col-50 elementor-top-column elementor-element elementor-element-e896c57\" data-id=\"e896c57\" data-element_type=\"column\" data-e-type=\"column\">\n\t\t\t<div class=\"elementor-widget-wrap elementor-element-populated\">\n\t\t\t\t\t\t<div class=\"elementor-element elementor-element-b627779 elementor-hidden-mobile elementor-widget elementor-widget-image\" data-id=\"b627779\" data-element_type=\"widget\" data-e-type=\"widget\" data-widget_type=\"image.default\">\n\t\t\t\t<div class=\"elementor-widget-container\">\n\t\t\t\t\t\t\t\t\t\t\t\t\t\t\t<img fetchpriority=\"high\" decoding=\"async\" width=\"390\" height=\"472\" src=\"https:\/\/legerradiologie.qc.ca\/wp-content\/uploads\/2022\/04\/silhouet_29740053.png\" class=\"attachment-large size-large wp-image-5316\" alt=\"silhouet_29740053\" srcset=\"https:\/\/legerradiologie.qc.ca\/wp-content\/uploads\/2022\/04\/silhouet_29740053.png 390w, https:\/\/legerradiologie.qc.ca\/wp-content\/uploads\/2022\/04\/silhouet_29740053-248x300.png 248w\" sizes=\"(max-width: 390px) 100vw, 390px\" title=\"\">\t\t\t\t\t\t\t\t\t\t\t\t\t\t\t<\/div>\n\t\t\t\t<\/div>\n\t\t\t\t\t<\/div>\n\t\t<\/div>\n\t\t\t\t\t<\/div>\n\t\t<\/section>\n\t\t\t\t<section class=\"elementor-section elementor-top-section elementor-element elementor-element-61c91a7 elementor-section-full_width elementor-section-height-default elementor-section-height-default\" data-id=\"61c91a7\" data-element_type=\"section\" data-e-type=\"section\">\n\t\t\t\t\t\t<div class=\"elementor-container elementor-column-gap-no\">\n\t\t\t\t\t<div class=\"elementor-column elementor-col-100 elementor-top-column elementor-element elementor-element-97382d1\" data-id=\"97382d1\" data-element_type=\"column\" data-e-type=\"column\" data-settings=\"{&quot;background_background&quot;:&quot;classic&quot;}\">\n\t\t\t<div class=\"elementor-widget-wrap elementor-element-populated\">\n\t\t\t\t\t<div class=\"elementor-background-overlay\"><\/div>\n\t\t\t\t\t\t<div class=\"elementor-element elementor-element-089b759 elementor-widget elementor-widget-heading\" data-id=\"089b759\" data-element_type=\"widget\" data-e-type=\"widget\" data-widget_type=\"heading.default\">\n\t\t\t\t<div class=\"elementor-widget-container\">\n\t\t\t\t\t<h2 class=\"elementor-heading-title elementor-size-default\">L\u00e9ger Radiologie: Our Story<\/h2>\t\t\t\t<\/div>\n\t\t\t\t<\/div>\n\t\t\t\t<section class=\"elementor-section elementor-inner-section elementor-element elementor-element-7684e39 elementor-section-boxed elementor-section-height-default elementor-section-height-default\" data-id=\"7684e39\" data-element_type=\"section\" data-e-type=\"section\">\n\t\t\t\t\t\t<div class=\"elementor-container elementor-column-gap-default\">\n\t\t\t\t\t<div class=\"elementor-column elementor-col-50 elementor-inner-column elementor-element elementor-element-13eea77\" data-id=\"13eea77\" data-element_type=\"column\" data-e-type=\"column\">\n\t\t\t<div class=\"elementor-widget-wrap elementor-element-populated\">\n\t\t\t\t\t\t<div class=\"elementor-element elementor-element-b3beac0 elementor-widget elementor-widget-text-editor\" data-id=\"b3beac0\" data-element_type=\"widget\" data-e-type=\"widget\" data-widget_type=\"text-editor.default\">\n\t\t\t\t<div class=\"elementor-widget-container\">\n\t\t\t\t\t\t\t\t\t<p><span style=\"font-weight: 400;\">The clinic was founded in 1962 by Dr. Jean-Louis L\u00e9ger, who at the time was the head of the radiology department at Notre-Dame Hospital and the director of the radiology department at <\/span><a href=\"https:\/\/medecine.umontreal.ca\/\" target=\"_blank\" rel=\"noopener\">The Faculty of Medicine of the Universit\u00e9 de Montr\u00e9al<\/a><span style=\"font-weight: 400;\">.<\/span><span style=\"font-weight: 400;\"><br \/><\/span><span style=\"font-weight: 400;\"><br \/><\/span><span style=\"font-weight: 400;\">In 2000, the clinic merged with Services radiologiques de Montr\u00e9al, then owned by the radiologists working at H\u00f4tel-Dieu de Montr\u00e9al, and consolidated its operations at 1851 Sherbrooke Street East.<\/span><\/p>\n\t\t\t\t\t\t\t\t<\/div>\n\t\t\t\t<\/div>\n\t\t\t\t\t<\/div>\n\t\t<\/div>\n\t\t\t\t<div class=\"elementor-column elementor-col-50 elementor-inner-column elementor-element elementor-element-924e170\" data-id=\"924e170\" data-element_type=\"column\" data-e-type=\"column\">\n\t\t\t<div class=\"elementor-widget-wrap elementor-element-populated\">\n\t\t\t\t\t\t<div class=\"elementor-element elementor-element-c617bca elementor-widget elementor-widget-text-editor\" data-id=\"c617bca\" data-element_type=\"widget\" data-e-type=\"widget\" data-widget_type=\"text-editor.default\">\n\t\t\t\t<div class=\"elementor-widget-container\">\n\t\t\t\t\t\t\t\t\t<p><span style=\"font-weight: 400;\">Always a pioneer in the evaluation of breast pathologies, the L\u00e9ger Clinic expanded and modernized its premises in 2006 to accommodate the <\/span><b>breast imaging center<\/b><span style=\"font-weight: 400;\">\u00a0fully digitalized.<\/span><span style=\"font-weight: 400;\"><br \/><\/span><span style=\"font-weight: 400;\"><br \/><\/span><span class=\"Y2IQFc\" lang=\"en\">Today, after more than 60 years, the L\u00e9ger Radiologie Inc. clinic has more than 27 radiologists, 8 technologists and 16 other employees in various positions.<\/span><\/p>\t\t\t\t\t\t\t\t<\/div>\n\t\t\t\t<\/div>\n\t\t\t\t\t<\/div>\n\t\t<\/div>\n\t\t\t\t\t<\/div>\n\t\t<\/section>\n\t\t\t\t\t<\/div>\n\t\t<\/div>\n\t\t\t\t\t<\/div>\n\t\t<\/section>\n\t\t\t\t<section class=\"elementor-section elementor-top-section elementor-element elementor-element-c7ac367 elementor-section-boxed elementor-section-height-default elementor-section-height-default\" data-id=\"c7ac367\" data-element_type=\"section\" data-e-type=\"section\">\n\t\t\t\t\t\t\t<div class=\"elementor-background-overlay\"><\/div>\n\t\t\t\t\t\t\t<div class=\"elementor-container elementor-column-gap-no\">\n\t\t\t\t\t<div class=\"elementor-column elementor-col-100 elementor-top-column elementor-element elementor-element-dba79a6\" data-id=\"dba79a6\" data-element_type=\"column\" data-e-type=\"column\">\n\t\t\t<div class=\"elementor-widget-wrap elementor-element-populated\">\n\t\t\t\t\t\t<section class=\"elementor-section elementor-inner-section elementor-element elementor-element-1da7900 elementor-section-content-middle elementor-section-boxed elementor-section-height-default elementor-section-height-default\" data-id=\"1da7900\" data-element_type=\"section\" data-e-type=\"section\">\n\t\t\t\t\t\t<div class=\"elementor-container elementor-column-gap-no\">\n\t\t\t\t\t<div class=\"elementor-column elementor-col-100 elementor-inner-column elementor-element elementor-element-0abc2d9\" data-id=\"0abc2d9\" data-element_type=\"column\" data-e-type=\"column\">\n\t\t\t<div class=\"elementor-widget-wrap elementor-element-populated\">\n\t\t\t\t\t\t<div class=\"elementor-element elementor-element-00ba402 elementor-widget elementor-widget-heading\" data-id=\"00ba402\" data-element_type=\"widget\" data-e-type=\"widget\" data-widget_type=\"heading.default\">\n\t\t\t\t<div class=\"elementor-widget-container\">\n\t\t\t\t\t<h2 class=\"elementor-heading-title elementor-size-default\">Your health is important to us<\/h2>\t\t\t\t<\/div>\n\t\t\t\t<\/div>\n\t\t\t\t<div class=\"elementor-element elementor-element-95ccff3 elementor-widget elementor-widget-text-editor\" data-id=\"95ccff3\" data-element_type=\"widget\" data-e-type=\"widget\" data-widget_type=\"text-editor.default\">\n\t\t\t\t<div class=\"elementor-widget-container\">\n\t\t\t\t\t\t\t\t\t<p style=\"text-align: center;\">Our radiologists have <strong>specialized training.<\/strong> They are leaders in their field in Quebec and are committed to providing the highest level of expertise to their patients.<\/p>\n\t\t\t\t\t\t\t\t<\/div>\n\t\t\t\t<\/div>\n\t\t\t\t<div class=\"elementor-element elementor-element-a256a86 elementor-widget elementor-widget-image\" data-id=\"a256a86\" data-element_type=\"widget\" data-e-type=\"widget\" data-widget_type=\"image.default\">\n\t\t\t\t<div class=\"elementor-widget-container\">\n\t\t\t\t\t\t\t\t\t\t\t\t\t\t\t<img decoding=\"async\" width=\"800\" height=\"164\" src=\"https:\/\/legerradiologie.qc.ca\/wp-content\/uploads\/2022\/03\/logo_2838.png\" class=\"attachment-large size-large wp-image-5261\" alt=\"l\u00e9ger radiologie inc\" srcset=\"https:\/\/legerradiologie.qc.ca\/wp-content\/uploads\/2022\/03\/logo_2838.png 950w, https:\/\/legerradiologie.qc.ca\/wp-content\/uploads\/2022\/03\/logo_2838-300x62.png 300w, https:\/\/legerradiologie.qc.ca\/wp-content\/uploads\/2022\/03\/logo_2838-768x158.png 768w\" sizes=\"(max-width: 800px) 100vw, 800px\" title=\"\">\t\t\t\t\t\t\t\t\t\t\t\t\t\t\t<\/div>\n\t\t\t\t<\/div>\n\t\t\t\t\t<\/div>\n\t\t<\/div>\n\t\t\t\t\t<\/div>\n\t\t<\/section>\n\t\t\t\t\t<\/div>\n\t\t<\/div>\n\t\t\t\t\t<\/div>\n\t\t<\/section>\n\t\t\t\t<\/div>\n\t\t","protected":false},"excerpt":{"rendered":"<p>About L\u00e9ger Radiologie Inc. Our team of radiologists is equipped with specialized training. They are leaders in their field in the province and are committed to providing the highest level of expertise to their patients. The clinic The L\u00e9ger Radiologie Inc clinic\u00a0is an integrated imaging center offering\u00a0diagnostic\u00a0and\u00a0screening services of high quality, with a strong focus [&hellip;]<\/p>\n","protected":false},"author":1,"featured_media":0,"parent":0,"menu_order":0,"comment_status":"closed","ping_status":"closed","template":"elementor_header_footer","meta":{"footnotes":""},"class_list":["post-5323","page","type-page","status-publish","hentry"],"_links":{"self":[{"href":"https:\/\/legerradiologie.qc.ca\/en\/wp-json\/wp\/v2\/pages\/5323","targetHints":{"allow":["GET"]}}],"collection":[{"href":"https:\/\/legerradiologie.qc.ca\/en\/wp-json\/wp\/v2\/pages"}],"about":[{"href":"https:\/\/legerradiologie.qc.ca\/en\/wp-json\/wp\/v2\/types\/page"}],"author":[{"embeddable":true,"href":"https:\/\/legerradiologie.qc.ca\/en\/wp-json\/wp\/v2\/users\/1"}],"replies":[{"embeddable":true,"href":"https:\/\/legerradiologie.qc.ca\/en\/wp-json\/wp\/v2\/comments?post=5323"}],"version-history":[{"count":7,"href":"https:\/\/legerradiologie.qc.ca\/en\/wp-json\/wp\/v2\/pages\/5323\/revisions"}],"predecessor-version":[{"id":7206,"href":"https:\/\/legerradiologie.qc.ca\/en\/wp-json\/wp\/v2\/pages\/5323\/revisions\/7206"}],"wp:attachment":[{"href":"https:\/\/legerradiologie.qc.ca\/en\/wp-json\/wp\/v2\/media?parent=5323"}],"curies":[{"name":"wp","href":"https:\/\/api.w.org\/{rel}","templated":true}]}}